{"id":25,"date":"2020-10-13T08:47:07","date_gmt":"2020-10-13T08:47:07","guid":{"rendered":"http:\/\/vuelta-music.com\/?page_id=25"},"modified":"2024-05-06T13:32:07","modified_gmt":"2024-05-06T13:32:07","slug":"qui-sommes-nous","status":"publish","type":"page","link":"https:\/\/vuelta-music.com\/es\/qui-sommes-nous","title":{"rendered":"Qui sommes-nous ?"},"content":{"rendered":"<div data-elementor-type=\"wp-page\" data-elementor-id=\"25\" class=\"elementor elementor-25\">\n\t\t\t\t\t\t<div class=\"elementor-inner\">\n\t\t\t\t<div class=\"elementor-section-wrap\">\n\t\t\t\t\t\t\t\t\t<section class=\"elementor-section elementor-top-section elementor-element elementor-element-42bd2b9 elementor-section-full_width elementor-section-height-min-height elementor-section-items-stretch elementor-section-height-default\" data-id=\"42bd2b9\" data-element_type=\"section\" data-settings=\"{&quot;background_background&quot;:&quot;classic&quot;}\">\n\t\t\t\t\t\t<div class=\"elementor-container elementor-column-gap-default\">\n\t\t\t\t\t\t\t<div class=\"elementor-row\">\n\t\t\t\t\t<div class=\"elementor-column elementor-col-50 elementor-top-column elementor-element elementor-element-b5a7b3b\" data-id=\"b5a7b3b\" data-element_type=\"column\" data-settings=\"{&quot;background_background&quot;:&quot;classic&quot;}\">\n\t\t\t<div class=\"elementor-column-wrap\">\n\t\t\t\t\t\t\t<div class=\"elementor-widget-wrap\">\n\t\t\t\t\t\t\t\t<\/div>\n\t\t\t\t\t<\/div>\n\t\t<\/div>\n\t\t\t\t<div class=\"elementor-column elementor-col-50 elementor-top-column elementor-element elementor-element-027429e\" data-id=\"027429e\" data-element_type=\"column\">\n\t\t\t<div class=\"elementor-column-wrap elementor-element-populated\">\n\t\t\t\t\t\t\t<div class=\"elementor-widget-wrap\">\n\t\t\t\t\t\t<div class=\"elementor-element elementor-element-b8b7a7c elementor-widget elementor-widget-heading\" data-id=\"b8b7a7c\" data-element_type=\"widget\" data-widget_type=\"heading.default\">\n\t\t\t\t<div class=\"elementor-widget-container\">\n\t\t\t<h2 class=\"elementor-heading-title elementor-size-default\">Qui sommes-nous ?<\/h2>\t\t<\/div>\n\t\t\t\t<\/div>\n\t\t\t\t<div class=\"elementor-element elementor-element-885cba0 elementor-widget elementor-widget-text-editor\" data-id=\"885cba0\" data-element_type=\"widget\" data-widget_type=\"text-editor.default\">\n\t\t\t\t<div class=\"elementor-widget-container\">\n\t\t\t\t\t\t\t\t<div class=\"elementor-text-editor elementor-clearfix\">\n\t\t\t\t<p><span style=\"font-weight: 400;\">Vuelta Music est une agence d\u2019artistes ind\u00e9pendante bas\u00e9e entre la France et la Colombie , d\u00e9veloppant un roster de talents dans les musiques urbaines , et musiques du monde.\u00a0<\/span><\/p><p><span style=\"font-weight: 400;\">Vuelta Music c\u2019est une v\u00e9ritable expertise des acteurs et r\u00e9seaux acquise sur le terrain : l\u2019agence est n\u00e9e en 2020 , mais poursuit l&rsquo;histoire de Co2activity , structure prot\u00e9iforme qui pendant 20 ans s&rsquo;est d\u00e9di\u00e9e \u00e0 l&rsquo;accompagnement d&rsquo;artistes rap et reggae, sur disque, en Live , et en Radio.<\/span><\/p><p><span style=\"text-decoration: underline;\"><span style=\"color: #ffffff;\"><a style=\"color: #ffffff; text-decoration: underline;\" href=\"https:\/\/t-rexmagazine.com\/antoine-missir-aka-globe-hip-hop-live\/\">Retrouvez l&rsquo;interview d&rsquo;Antoine Missir \u00e0 la t\u00eate de Vuelta Music.<\/a><\/span><\/span><\/p>\t\t\t\t\t<\/div>\n\t\t\t\t\t\t<\/div>\n\t\t\t\t<\/div>\n\t\t\t\t\t\t<\/div>\n\t\t\t\t\t<\/div>\n\t\t<\/div>\n\t\t\t\t\t\t\t\t<\/div>\n\t\t\t\t\t<\/div>\n\t\t<\/section>\n\t\t\t\t<section class=\"elementor-section elementor-top-section elementor-element elementor-element-5941ba2 elementor-section-height-min-height elementor-section-boxed elementor-section-height-default elementor-section-items-middle\" data-id=\"5941ba2\" data-element_type=\"section\" data-settings=\"{&quot;background_background&quot;:&quot;classic&quot;}\">\n\t\t\t\t\t\t<div class=\"elementor-container elementor-column-gap-default\">\n\t\t\t\t\t\t\t<div class=\"elementor-row\">\n\t\t\t\t\t<div class=\"elementor-column elementor-col-100 elementor-top-column elementor-element elementor-element-933b7ad\" data-id=\"933b7ad\" data-element_type=\"column\">\n\t\t\t<div class=\"elementor-column-wrap elementor-element-populated\">\n\t\t\t\t\t\t\t<div class=\"elementor-widget-wrap\">\n\t\t\t\t\t\t<div class=\"elementor-element elementor-element-71fd951 elementor-widget elementor-widget-heading\" data-id=\"71fd951\" data-element_type=\"widget\" data-widget_type=\"heading.default\">\n\t\t\t\t<div class=\"elementor-widget-container\">\n\t\t\t<h2 class=\"elementor-heading-title elementor-size-default\">Champs d'activit\u00e9<\/h2>\t\t<\/div>\n\t\t\t\t<\/div>\n\t\t\t\t<div class=\"elementor-element elementor-element-dd9f50e elementor-widget elementor-widget-spacer\" data-id=\"dd9f50e\" data-element_type=\"widget\" data-widget_type=\"spacer.default\">\n\t\t\t\t<div class=\"elementor-widget-container\">\n\t\t\t\t\t<div class=\"elementor-spacer\">\n\t\t\t<div class=\"elementor-spacer-inner\"><\/div>\n\t\t<\/div>\n\t\t\t\t<\/div>\n\t\t\t\t<\/div>\n\t\t\t\t<section class=\"elementor-section elementor-inner-section elementor-element elementor-element-c7a8f30 elementor-section-full_width elementor-section-height-default elementor-section-height-default\" data-id=\"c7a8f30\" data-element_type=\"section\">\n\t\t\t\t\t\t<div class=\"elementor-container elementor-column-gap-default\">\n\t\t\t\t\t\t\t<div class=\"elementor-row\">\n\t\t\t\t\t<div class=\"elementor-column elementor-col-33 elementor-inner-column elementor-element elementor-element-4bd5867\" data-id=\"4bd5867\" data-element_type=\"column\">\n\t\t\t<div class=\"elementor-column-wrap elementor-element-populated\">\n\t\t\t\t\t\t\t<div class=\"elementor-widget-wrap\">\n\t\t\t\t\t\t<div class=\"elementor-element elementor-element-38007df elementor-widget elementor-widget-image\" data-id=\"38007df\" data-element_type=\"widget\" data-widget_type=\"image.default\">\n\t\t\t\t<div class=\"elementor-widget-container\">\n\t\t\t\t\t\t\t\t<div class=\"elementor-image\">\n\t\t\t\t\t\t\t\t\t\t\t\t<img width=\"512\" height=\"512\" src=\"https:\/\/vuelta-music.com\/wp-content\/uploads\/2020\/10\/booking.png\" class=\"attachment-large size-large wp-image-761\" alt=\"\" loading=\"lazy\" srcset=\"https:\/\/vuelta-music.com\/wp-content\/uploads\/2020\/10\/booking.png 512w, https:\/\/vuelta-music.com\/wp-content\/uploads\/2020\/10\/booking-300x300.png 300w, https:\/\/vuelta-music.com\/wp-content\/uploads\/2020\/10\/booking-150x150.png 150w\" sizes=\"(max-width: 512px) 100vw, 512px\" \/>\t\t\t\t\t\t\t\t\t\t\t\t\t\t<\/div>\n\t\t\t\t\t\t<\/div>\n\t\t\t\t<\/div>\n\t\t\t\t<div class=\"elementor-element elementor-element-d7acd3e elementor-widget elementor-widget-heading\" data-id=\"d7acd3e\" data-element_type=\"widget\" data-widget_type=\"heading.default\">\n\t\t\t\t<div class=\"elementor-widget-container\">\n\t\t\t<h2 class=\"elementor-heading-title elementor-size-default\">Booking d'artistes\nMontage de tourn\u00e9es <\/h2>\t\t<\/div>\n\t\t\t\t<\/div>\n\t\t\t\t<div class=\"elementor-element elementor-element-d6b7b18 elementor-widget elementor-widget-text-editor\" data-id=\"d6b7b18\" data-element_type=\"widget\" data-widget_type=\"text-editor.default\">\n\t\t\t\t<div class=\"elementor-widget-container\">\n\t\t\t\t\t\t\t\t<div class=\"elementor-text-editor elementor-clearfix\">\n\t\t\t\t<p><span style=\"font-weight: 400;\">Des tourn\u00e9es internationales en Europe, Afrique , Am\u00e9rique Latine \/2013 jusqu&rsquo;\u00e0 pr\u00e9sent.. Collaboration avec des \u00e9v\u00e9nements prestigieux comme les Vieilles Charrues , Solidays \/Fr, HipHop Al Parque \/ Col, Siempre Vivo (Chili).. <\/span><\/p>\t\t\t\t\t<\/div>\n\t\t\t\t\t\t<\/div>\n\t\t\t\t<\/div>\n\t\t\t\t\t\t<\/div>\n\t\t\t\t\t<\/div>\n\t\t<\/div>\n\t\t\t\t<div class=\"elementor-column elementor-col-33 elementor-inner-column elementor-element elementor-element-0cf4e69\" data-id=\"0cf4e69\" data-element_type=\"column\">\n\t\t\t<div class=\"elementor-column-wrap elementor-element-populated\">\n\t\t\t\t\t\t\t<div class=\"elementor-widget-wrap\">\n\t\t\t\t\t\t<div class=\"elementor-element elementor-element-af1297e elementor-widget elementor-widget-image\" data-id=\"af1297e\" data-element_type=\"widget\" data-widget_type=\"image.default\">\n\t\t\t\t<div class=\"elementor-widget-container\">\n\t\t\t\t\t\t\t\t<div class=\"elementor-image\">\n\t\t\t\t\t\t\t\t\t\t\t\t<img width=\"512\" height=\"512\" src=\"https:\/\/vuelta-music.com\/wp-content\/uploads\/2020\/10\/music.png\" class=\"attachment-large size-large wp-image-762\" alt=\"\" loading=\"lazy\" srcset=\"https:\/\/vuelta-music.com\/wp-content\/uploads\/2020\/10\/music.png 512w, https:\/\/vuelta-music.com\/wp-content\/uploads\/2020\/10\/music-300x300.png 300w, https:\/\/vuelta-music.com\/wp-content\/uploads\/2020\/10\/music-150x150.png 150w\" sizes=\"(max-width: 512px) 100vw, 512px\" \/>\t\t\t\t\t\t\t\t\t\t\t\t\t\t<\/div>\n\t\t\t\t\t\t<\/div>\n\t\t\t\t<\/div>\n\t\t\t\t<div class=\"elementor-element elementor-element-192a4b2 elementor-widget elementor-widget-heading\" data-id=\"192a4b2\" data-element_type=\"widget\" data-widget_type=\"heading.default\">\n\t\t\t\t<div class=\"elementor-widget-container\">\n\t\t\t<h2 class=\"elementor-heading-title elementor-size-default\">Production d\u2019\u00e9v\u00e9nements <\/h2>\t\t<\/div>\n\t\t\t\t<\/div>\n\t\t\t\t<div class=\"elementor-element elementor-element-8cb321d elementor-widget elementor-widget-text-editor\" data-id=\"8cb321d\" data-element_type=\"widget\" data-widget_type=\"text-editor.default\">\n\t\t\t\t<div class=\"elementor-widget-container\">\n\t\t\t\t\t\t\t\t<div class=\"elementor-text-editor elementor-clearfix\">\n\t\t\t\t<p><span style=\"font-weight: 400;\">Plus de 200 \u00e9v\u00e9nements concerts et soir\u00e9es, produits \u00e0 Paris , notamment les r\u00e9sidences Beat&amp;Juice, Paris Dancehall Club, Jockey CLub au Nouveau Casino , Music By Generations au Cabaret Sauvage , 6 Million Ways au Glazart,Chief Rockers, Quality Streetz Jam au Batofar .<\/span><\/p>\t\t\t\t\t<\/div>\n\t\t\t\t\t\t<\/div>\n\t\t\t\t<\/div>\n\t\t\t\t\t\t<\/div>\n\t\t\t\t\t<\/div>\n\t\t<\/div>\n\t\t\t\t<div class=\"elementor-column elementor-col-33 elementor-inner-column elementor-element elementor-element-76f421f\" data-id=\"76f421f\" data-element_type=\"column\">\n\t\t\t<div class=\"elementor-column-wrap elementor-element-populated\">\n\t\t\t\t\t\t\t<div class=\"elementor-widget-wrap\">\n\t\t\t\t\t\t<div class=\"elementor-element elementor-element-8a355eb elementor-widget elementor-widget-image\" data-id=\"8a355eb\" data-element_type=\"widget\" data-widget_type=\"image.default\">\n\t\t\t\t<div class=\"elementor-widget-container\">\n\t\t\t\t\t\t\t\t<div class=\"elementor-image\">\n\t\t\t\t\t\t\t\t\t\t\t\t<img width=\"512\" height=\"512\" src=\"https:\/\/vuelta-music.com\/wp-content\/uploads\/2020\/10\/fine-arts.png\" class=\"attachment-large size-large wp-image-763\" alt=\"\" loading=\"lazy\" srcset=\"https:\/\/vuelta-music.com\/wp-content\/uploads\/2020\/10\/fine-arts.png 512w, https:\/\/vuelta-music.com\/wp-content\/uploads\/2020\/10\/fine-arts-300x300.png 300w, https:\/\/vuelta-music.com\/wp-content\/uploads\/2020\/10\/fine-arts-150x150.png 150w\" sizes=\"(max-width: 512px) 100vw, 512px\" \/>\t\t\t\t\t\t\t\t\t\t\t\t\t\t<\/div>\n\t\t\t\t\t\t<\/div>\n\t\t\t\t<\/div>\n\t\t\t\t<div class=\"elementor-element elementor-element-b4914fb elementor-widget elementor-widget-heading\" data-id=\"b4914fb\" data-element_type=\"widget\" data-widget_type=\"heading.default\">\n\t\t\t\t<div class=\"elementor-widget-container\">\n\t\t\t<h2 class=\"elementor-heading-title elementor-size-default translation-block\">Direction<br>Artistique<\/h2>\t\t<\/div>\n\t\t\t\t<\/div>\n\t\t\t\t<div class=\"elementor-element elementor-element-a7a154d elementor-widget elementor-widget-text-editor\" data-id=\"a7a154d\" data-element_type=\"widget\" data-widget_type=\"text-editor.default\">\n\t\t\t\t<div class=\"elementor-widget-container\">\n\t\t\t\t\t\t\t\t<div class=\"elementor-text-editor elementor-clearfix\">\n\t\t\t\t<p><span style=\"font-weight: 400;\">Festival Paris HipHop \/2000-2016<\/span><\/p>\t\t\t\t\t<\/div>\n\t\t\t\t\t\t<\/div>\n\t\t\t\t<\/div>\n\t\t\t\t\t\t<\/div>\n\t\t\t\t\t<\/div>\n\t\t<\/div>\n\t\t\t\t\t\t\t\t<\/div>\n\t\t\t\t\t<\/div>\n\t\t<\/section>\n\t\t\t\t<div class=\"elementor-element elementor-element-97d72b8 elementor-widget elementor-widget-spacer\" data-id=\"97d72b8\" data-element_type=\"widget\" data-widget_type=\"spacer.default\">\n\t\t\t\t<div class=\"elementor-widget-container\">\n\t\t\t\t\t<div class=\"elementor-spacer\">\n\t\t\t<div class=\"elementor-spacer-inner\"><\/div>\n\t\t<\/div>\n\t\t\t\t<\/div>\n\t\t\t\t<\/div>\n\t\t\t\t<section class=\"elementor-section elementor-inner-section elementor-element elementor-element-fcb2242 elementor-section-full_width elementor-section-height-default elementor-section-height-default\" data-id=\"fcb2242\" data-element_type=\"section\">\n\t\t\t\t\t\t<div class=\"elementor-container elementor-column-gap-default\">\n\t\t\t\t\t\t\t<div class=\"elementor-row\">\n\t\t\t\t\t<div class=\"elementor-column elementor-col-33 elementor-inner-column elementor-element elementor-element-48aa70d\" data-id=\"48aa70d\" data-element_type=\"column\">\n\t\t\t<div class=\"elementor-column-wrap elementor-element-populated\">\n\t\t\t\t\t\t\t<div class=\"elementor-widget-wrap\">\n\t\t\t\t\t\t<div class=\"elementor-element elementor-element-a745123 elementor-widget elementor-widget-image\" data-id=\"a745123\" data-element_type=\"widget\" data-widget_type=\"image.default\">\n\t\t\t\t<div class=\"elementor-widget-container\">\n\t\t\t\t\t\t\t\t<div class=\"elementor-image\">\n\t\t\t\t\t\t\t\t\t\t\t\t<img width=\"512\" height=\"512\" src=\"https:\/\/vuelta-music.com\/wp-content\/uploads\/2020\/10\/party-blower.png\" class=\"attachment-large size-large wp-image-764\" alt=\"\" loading=\"lazy\" srcset=\"https:\/\/vuelta-music.com\/wp-content\/uploads\/2020\/10\/party-blower.png 512w, https:\/\/vuelta-music.com\/wp-content\/uploads\/2020\/10\/party-blower-300x300.png 300w, https:\/\/vuelta-music.com\/wp-content\/uploads\/2020\/10\/party-blower-150x150.png 150w\" sizes=\"(max-width: 512px) 100vw, 512px\" \/>\t\t\t\t\t\t\t\t\t\t\t\t\t\t<\/div>\n\t\t\t\t\t\t<\/div>\n\t\t\t\t<\/div>\n\t\t\t\t<div class=\"elementor-element elementor-element-b4a9020 elementor-widget elementor-widget-heading\" data-id=\"b4a9020\" data-element_type=\"widget\" data-widget_type=\"heading.default\">\n\t\t\t\t<div class=\"elementor-widget-container\">\n\t\t\t<h2 class=\"elementor-heading-title elementor-size-default translation-block\">Ev\u00e8nementiel<br>de marques<\/h2>\t\t<\/div>\n\t\t\t\t<\/div>\n\t\t\t\t<div class=\"elementor-element elementor-element-0e1589e elementor-widget elementor-widget-text-editor\" data-id=\"0e1589e\" data-element_type=\"widget\" data-widget_type=\"text-editor.default\">\n\t\t\t\t<div class=\"elementor-widget-container\">\n\t\t\t\t\t\t\t\t<div class=\"elementor-text-editor elementor-clearfix\">\n\t\t\t\t<p><span style=\"font-weight: 400;\">SFR, Redbull, Adidas <\/span><\/p>\t\t\t\t\t<\/div>\n\t\t\t\t\t\t<\/div>\n\t\t\t\t<\/div>\n\t\t\t\t\t\t<\/div>\n\t\t\t\t\t<\/div>\n\t\t<\/div>\n\t\t\t\t<div class=\"elementor-column elementor-col-33 elementor-inner-column elementor-element elementor-element-9765405\" data-id=\"9765405\" data-element_type=\"column\">\n\t\t\t<div class=\"elementor-column-wrap elementor-element-populated\">\n\t\t\t\t\t\t\t<div class=\"elementor-widget-wrap\">\n\t\t\t\t\t\t<div class=\"elementor-element elementor-element-3e28028 elementor-widget elementor-widget-image\" data-id=\"3e28028\" data-element_type=\"widget\" data-widget_type=\"image.default\">\n\t\t\t\t<div class=\"elementor-widget-container\">\n\t\t\t\t\t\t\t\t<div class=\"elementor-image\">\n\t\t\t\t\t\t\t\t\t\t\t\t<img width=\"512\" height=\"512\" src=\"https:\/\/vuelta-music.com\/wp-content\/uploads\/2020\/10\/mics.png\" class=\"attachment-large size-large wp-image-765\" alt=\"\" loading=\"lazy\" srcset=\"https:\/\/vuelta-music.com\/wp-content\/uploads\/2020\/10\/mics.png 512w, https:\/\/vuelta-music.com\/wp-content\/uploads\/2020\/10\/mics-300x300.png 300w, https:\/\/vuelta-music.com\/wp-content\/uploads\/2020\/10\/mics-150x150.png 150w\" sizes=\"(max-width: 512px) 100vw, 512px\" \/>\t\t\t\t\t\t\t\t\t\t\t\t\t\t<\/div>\n\t\t\t\t\t\t<\/div>\n\t\t\t\t<\/div>\n\t\t\t\t<div class=\"elementor-element elementor-element-b568f65 elementor-widget elementor-widget-heading\" data-id=\"b568f65\" data-element_type=\"widget\" data-widget_type=\"heading.default\">\n\t\t\t\t<div class=\"elementor-widget-container\">\n\t\t\t<h2 class=\"elementor-heading-title elementor-size-default translation-block\">Journalisme<br>Musical<\/h2>\t\t<\/div>\n\t\t\t\t<\/div>\n\t\t\t\t<div class=\"elementor-element elementor-element-1e54567 elementor-widget elementor-widget-text-editor\" data-id=\"1e54567\" data-element_type=\"widget\" data-widget_type=\"text-editor.default\">\n\t\t\t\t<div class=\"elementor-widget-container\">\n\t\t\t\t\t\t\t\t<div class=\"elementor-text-editor elementor-clearfix\">\n\t\t\t\t<p><span style=\"font-weight: 400;\">Les \u00e9missions 9-Zedou puis Lokalize Show sur radio G\u00e9n\u00e9rations 88.2fm \/2000 &#8211; 2011 , des articles , chroniques et itws\u00a0 sign\u00e9s dans Radikal , Sono Mag ..<\/span><\/p>\t\t\t\t\t<\/div>\n\t\t\t\t\t\t<\/div>\n\t\t\t\t<\/div>\n\t\t\t\t\t\t<\/div>\n\t\t\t\t\t<\/div>\n\t\t<\/div>\n\t\t\t\t<div class=\"elementor-column elementor-col-33 elementor-inner-column elementor-element elementor-element-28de530\" data-id=\"28de530\" data-element_type=\"column\">\n\t\t\t<div class=\"elementor-column-wrap elementor-element-populated\">\n\t\t\t\t\t\t\t<div class=\"elementor-widget-wrap\">\n\t\t\t\t\t\t<div class=\"elementor-element elementor-element-e3160d1 elementor-widget elementor-widget-image\" data-id=\"e3160d1\" data-element_type=\"widget\" data-widget_type=\"image.default\">\n\t\t\t\t<div class=\"elementor-widget-container\">\n\t\t\t\t\t\t\t\t<div class=\"elementor-image\">\n\t\t\t\t\t\t\t\t\t\t\t\t<img width=\"512\" height=\"512\" src=\"https:\/\/vuelta-music.com\/wp-content\/uploads\/2020\/10\/vinyls.png\" class=\"attachment-large size-large wp-image-766\" alt=\"\" loading=\"lazy\" srcset=\"https:\/\/vuelta-music.com\/wp-content\/uploads\/2020\/10\/vinyls.png 512w, https:\/\/vuelta-music.com\/wp-content\/uploads\/2020\/10\/vinyls-300x300.png 300w, https:\/\/vuelta-music.com\/wp-content\/uploads\/2020\/10\/vinyls-150x150.png 150w\" sizes=\"(max-width: 512px) 100vw, 512px\" \/>\t\t\t\t\t\t\t\t\t\t\t\t\t\t<\/div>\n\t\t\t\t\t\t<\/div>\n\t\t\t\t<\/div>\n\t\t\t\t<div class=\"elementor-element elementor-element-e01d0fa elementor-widget elementor-widget-heading\" data-id=\"e01d0fa\" data-element_type=\"widget\" data-widget_type=\"heading.default\">\n\t\t\t\t<div class=\"elementor-widget-container\">\n\t\t\t<h2 class=\"elementor-heading-title elementor-size-default\">Productions discographiques<\/h2>\t\t<\/div>\n\t\t\t\t<\/div>\n\t\t\t\t<div class=\"elementor-element elementor-element-b44792f elementor-widget elementor-widget-text-editor\" data-id=\"b44792f\" data-element_type=\"widget\" data-widget_type=\"text-editor.default\">\n\t\t\t\t<div class=\"elementor-widget-container\">\n\t\t\t\t\t\t\t\t<div class=\"elementor-text-editor elementor-clearfix\">\n\t\t\t\t<p><span style=\"font-weight: 400;\">\u00a0Quality Streetz (2 mixtapes, 2 maxis, 1Lp, et 1e compilation ) \/ 1999-2004<\/span><\/p>\t\t\t\t\t<\/div>\n\t\t\t\t\t\t<\/div>\n\t\t\t\t<\/div>\n\t\t\t\t\t\t<\/div>\n\t\t\t\t\t<\/div>\n\t\t<\/div>\n\t\t\t\t\t\t\t\t<\/div>\n\t\t\t\t\t<\/div>\n\t\t<\/section>\n\t\t\t\t\t\t<\/div>\n\t\t\t\t\t<\/div>\n\t\t<\/div>\n\t\t\t\t\t\t\t\t<\/div>\n\t\t\t\t\t<\/div>\n\t\t<\/section>\n\t\t\t\t<section class=\"elementor-section elementor-top-section elementor-element elementor-element-e99738e elementor-section-height-min-height elementor-section-boxed elementor-section-height-default elementor-section-items-middle\" data-id=\"e99738e\" data-element_type=\"section\">\n\t\t\t\t\t\t<div class=\"elementor-container elementor-column-gap-default\">\n\t\t\t\t\t\t\t<div class=\"elementor-row\">\n\t\t\t\t\t<div class=\"elementor-column elementor-col-100 elementor-top-column elementor-element elementor-element-2c1c026\" data-id=\"2c1c026\" data-element_type=\"column\">\n\t\t\t<div class=\"elementor-column-wrap elementor-element-populated\">\n\t\t\t\t\t\t\t<div class=\"elementor-widget-wrap\">\n\t\t\t\t\t\t<div class=\"elementor-element elementor-element-b9893d3 elementor-widget elementor-widget-heading\" data-id=\"b9893d3\" data-element_type=\"widget\" data-widget_type=\"heading.default\">\n\t\t\t\t<div class=\"elementor-widget-container\">\n\t\t\t<h2 class=\"elementor-heading-title elementor-size-default\">Nous avons organis\u00e9 les tourn\u00e9es et accueilli en concert <\/h2>\t\t<\/div>\n\t\t\t\t<\/div>\n\t\t\t\t<div class=\"elementor-element elementor-element-6e3a580 elementor-widget elementor-widget-text-editor\" data-id=\"6e3a580\" data-element_type=\"widget\" data-widget_type=\"text-editor.default\">\n\t\t\t\t<div class=\"elementor-widget-container\">\n\t\t\t\t\t\t\t\t<div class=\"elementor-text-editor elementor-clearfix\">\n\t\t\t\t<p><i>:<b>:Musique<\/b><\/i><b><i> Latine et Carib\u00e9enne ::&nbsp;<\/i><\/b><span style=\"font-weight: 400;\">La Perla, El Caribefunk, Quantic &amp; Nidia Gongora , Boom Full Meke,&nbsp; Zoufris Maracas,&nbsp;<\/span>La Mambanegra..<\/p>\n<p><b><i>::Reggae\/Dancehall ::&nbsp;<\/i><\/b><span style=\"font-weight: 400;\">Barrington Levy , Baby Cham, Protoje , Mad Cobra, Morgan Heritage, Luciano, Mickey General, Don Corleone, Junior Kelly,&nbsp; Million Stylez, Gappy Ranks, Stylo G , Ragin Fyah, Randy Valentine, Cornell Campbell, Jah Vinci, Tippa IRie, Shinehead, Sister Nancy, King Kong, Tarrus Riley &amp; Dean Fraser &amp; Black Soil Band, Chronixx, I Octane, I Wayne, Bitty Mc Lean, Toots &amp; The Maytals , Mr Vegas, Konshens,Diana Rutherford , Daddy Freddy Ziggy Recado, Chukki Star, Jaqee, Agent Sasco.. Tairo, Ilements, Nuttea , Admiral T , Uman, Kenyon , Raggasonic, Straika, Yaniss Odua ,SpydaTeam, Taiwan MC, Daara J Family , Stand High Patrol, Soundkail, Lyricson, Heartikal, Brahim, Lord Kossity, Daddy Mory, Pierpoljak, Neg&rsquo;Marrons, Straika D, Papa Tank..Supersonic Sound, Sentinel, Bass Odyssey, Massive B\u2026 Bost&amp;Bim, Demolisha Djs, Lord Zeljko, Dday, IRie Crew, 220Sound, Shadow Killa, Soul Stereo, Gifta, Kza, Straight Up sound, First Mike,&nbsp;<\/span>Blaiz Fayah, Stylo G..<\/p>\n<p><b><i>::HipHop :: <\/i><\/b><span style=\"font-weight: 400;\">Mix Master Mike, The Alchemist, OhNo , Just Blaze, HiTek, 9Th Wonder, Dj Premier, Statik Selektah, Grand Master Flash, Exile , Saigon, Redman, MOP, Onyx , Smoke Dza, Stalley, Chali2na, Aaron Cohen, Tommy Genesis , Cunninlynguists, Evidence, Roots Manuva, Dj Rhettmatic &amp; Eric Bobo , B-Real, Noreaga, Beatnuts, Artifacts, Smif n Wessun &amp; Champion Sound, EdoG, Araab Muzik, Speech Debelle, Xzibit, Bobbito Garcia, The Rub Djs, Jazzy Jeff &amp; Mad Skill, Dj Cash Money, Uproot Andy.. Lino &amp; Arsenik, Eklips, Vicelow Specta &amp; Sir Samuel du Saian Supa Crew, Rocca, Ali Lunatic, Flynt Nasme &amp; Dj Blaiz,&nbsp; Hocus Pocus , A2H, Deen Burbigo, 2bal2Neg, Busta Flex, Hocus Pocus, Hifi, Demi Portion, Time Bomb , Aelpeacha, Svinkels, La Caution, Sages Poetes de La Rue, IAM, Dj Dee Nasty, Dj Fab, Asko, Clyde, Netik , Pone, Crazy B, C2C, Cut Killer, Sims, Jazz Lberatorz, Dj Weedim, Dj Snake, Dj Djel , Dj Nelson,&nbsp;<\/span>Kt Gorique, Adviser, Sniper, Davodka, Seth Gueko, Swift Guad, Kacem Wapalek, C.Sen<\/p>\n<p><b><i>::Soul\/Funk :: <\/i><\/b><span style=\"font-weight: 400;\">Dajla, Sophie Delila, China Moses, Estelle , Janice Leca &amp; Playa Grande,&nbsp;<\/span>Frieda..<\/p>\n<p><b><i>::Electro\/Bass Music :: <\/i><\/b><span style=\"font-weight: 400;\">Aligatorz, Missill, Beat Torrent , Booty Call, Feadz, Audiomicid, Addictive Tv..<\/span><\/p>\n<p dir=\"ltr\" style=\"line-height: 1.38; margin-top: 12pt; margin-bottom: 0pt;\">\n<\/p>\t\t\t\t\t<\/div>\n\t\t\t\t\t\t<\/div>\n\t\t\t\t<\/div>\n\t\t\t\t\t\t<\/div>\n\t\t\t\t\t<\/div>\n\t\t<\/div>\n\t\t\t\t\t\t\t\t<\/div>\n\t\t\t\t\t<\/div>\n\t\t<\/section>\n\t\t\t\t<section class=\"elementor-section elementor-top-section elementor-element elementor-element-1e5a4037 elementor-section-content-middle elementor-section-boxed elementor-section-height-default elementor-section-height-default\" data-id=\"1e5a4037\" data-element_type=\"section\" data-settings=\"{&quot;background_background&quot;:&quot;classic&quot;}\">\n\t\t\t\t\t\t<div class=\"elementor-container elementor-column-gap-default\">\n\t\t\t\t\t\t\t<div class=\"elementor-row\">\n\t\t\t\t\t<div class=\"elementor-column elementor-col-100 elementor-top-column elementor-element elementor-element-4fcd0677\" data-id=\"4fcd0677\" data-element_type=\"column\">\n\t\t\t<div class=\"elementor-column-wrap elementor-element-populated\">\n\t\t\t\t\t\t\t<div class=\"elementor-widget-wrap\">\n\t\t\t\t\t\t<div class=\"elementor-element elementor-element-1367bb57 elementor-widget elementor-widget-text-editor\" data-id=\"1367bb57\" data-element_type=\"widget\" data-widget_type=\"text-editor.default\">\n\t\t\t\t<div class=\"elementor-widget-container\">\n\t\t\t\t\t\t\t\t<div class=\"elementor-text-editor elementor-clearfix\">\n\t\t\t\t<p>\u00a9 Copyright Vuelta Music &#8211; All right reserved &#8211; Design by <a href=\"https:\/\/scommestudio.fr\/\"><u>S comme studio<\/u><\/a><\/p>\t\t\t\t\t<\/div>\n\t\t\t\t\t\t<\/div>\n\t\t\t\t<\/div>\n\t\t\t\t\t\t<\/div>\n\t\t\t\t\t<\/div>\n\t\t<\/div>\n\t\t\t\t\t\t\t\t<\/div>\n\t\t\t\t\t<\/div>\n\t\t<\/section>\n\t\t\t\t\t\t\t\t\t<\/div>\n\t\t\t<\/div>\n\t\t\t\t\t<\/div>","protected":false},"excerpt":{"rendered":"<p>Qui sommes-nous ? Vuelta Music est une agence d\u2019artistes ind\u00e9pendante bas\u00e9e entre la France et la Colombie , d\u00e9veloppant un roster de talents dans les musiques urbaines , et musiques [&hellip;]<\/p>","protected":false},"author":1,"featured_media":0,"parent":0,"menu_order":0,"comment_status":"closed","ping_status":"closed","template":"","meta":{"_EventAllDay":false,"_EventTimezone":"","_EventStartDate":"","_EventEndDate":"","_EventStartDateUTC":"","_EventEndDateUTC":"","_EventShowMap":false,"_EventShowMapLink":false,"_EventURL":"","_EventCost":"","_EventCostDescription":"","_EventCurrencySymbol":"","_EventCurrencyCode":"","_EventCurrencyPosition":"","_EventDateTimeSeparator":"","_EventTimeRangeSeparator":"","_EventOrganizerID":[],"_EventVenueID":0,"_OrganizerEmail":"","_OrganizerPhone":"","_OrganizerWebsite":"","_VenueAddress":"","_VenueCity":"","_VenueCountry":"","_VenueProvince":"","_VenueZip":"","_VenuePhone":"","_VenueURL":"","_VenueStateProvince":"","_VenueLat":"","_VenueLng":""},"_links":{"self":[{"href":"https:\/\/vuelta-music.com\/es\/wp-json\/wp\/v2\/pages\/25"}],"collection":[{"href":"https:\/\/vuelta-music.com\/es\/wp-json\/wp\/v2\/pages"}],"about":[{"href":"https:\/\/vuelta-music.com\/es\/wp-json\/wp\/v2\/types\/page"}],"author":[{"embeddable":true,"href":"https:\/\/vuelta-music.com\/es\/wp-json\/wp\/v2\/users\/1"}],"replies":[{"embeddable":true,"href":"https:\/\/vuelta-music.com\/es\/wp-json\/wp\/v2\/comments?post=25"}],"version-history":[{"count":15,"href":"https:\/\/vuelta-music.com\/es\/wp-json\/wp\/v2\/pages\/25\/revisions"}],"predecessor-version":[{"id":3195,"href":"https:\/\/vuelta-music.com\/es\/wp-json\/wp\/v2\/pages\/25\/revisions\/3195"}],"wp:attachment":[{"href":"https:\/\/vuelta-music.com\/es\/wp-json\/wp\/v2\/media?parent=25"}],"curies":[{"name":"wp","href":"https:\/\/api.w.org\/{rel}","templated":true}]}}